{"id":10,"date":"2020-05-19T11:17:02","date_gmt":"2020-05-19T11:17:02","guid":{"rendered":"http:\/\/localhost\/daxia\/?page_id=10"},"modified":"2021-03-02T19:02:22","modified_gmt":"2021-03-02T19:02:22","slug":"sobre-la-daxia","status":"publish","type":"page","link":"https:\/\/www.daxia.com.br\/es\/sobre-la-daxia\/","title":{"rendered":"Sobre la DAXIA"},"content":{"rendered":"<p>DAXIA suministra ingredientes y aditivos para la industria brasile\u00f1a y de otros pa\u00edses de Am\u00e9rica Latina, desde 1994. Con un amplio cat\u00e1logo de productos, fabrica y distribuye ingredientes para alimentos, bebidas, nutrici\u00f3n animal, personal care, household, entre otros.<\/p>\n<p>DAXIA busca superar retos, promover buenos negocios y presentar especialidades e innovaciones para nuestros clientes a trav\u00e9s de la sinergia de ingredientes. Posee un cat\u00e1logo de productos que son sin\u00f3nimo de calidad y cuenta con una completa estructura de ventas y equipo t\u00e9cnico especializado.<\/p>\n","protected":false},"excerpt":{"rendered":"<p>DAXIA suministra ingredientes y aditivos para la industria brasile\u00f1a y de otros pa\u00edses de Am\u00e9rica Latina, desde 1994. Con un amplio cat\u00e1logo de productos, fabrica y distribuye ingredientes para alimentos, bebidas, nutrici\u00f3n animal, personal care, household, entre otros. DAXIA busca superar retos, promover buenos negocios y presentar especialidades e innovaciones para nuestros clientes a trav\u00e9s [&hellip;]<\/p>\n","protected":false},"author":1,"featured_media":499,"parent":0,"menu_order":0,"comment_status":"closed","ping_status":"closed","template":"templates\/sobre.php","meta":{"_acf_changed":false,"footnotes":""},"class_list":["post-10","page","type-page","status-publish","has-post-thumbnail","hentry"],"acf":[],"yoast_head":"<!-- This site is optimized with the Yoast SEO plugin v23.1 - https:\/\/yoast.com\/wordpress\/plugins\/seo\/ -->\n<title>Sobre la DAXIA - DAXIA<\/title>\n<meta name=\"robots\" content=\"index, follow, max-snippet:-1, max-image-preview:large, max-video-preview:-1\" \/>\n<link rel=\"canonical\" href=\"https:\/\/www.daxia.com.br\/es\/sobre-la-daxia\/\" \/>\n<meta property=\"og:locale\" content=\"en_US\" \/>\n<meta property=\"og:type\" content=\"article\" \/>\n<meta property=\"og:title\" content=\"Sobre la DAXIA - DAXIA\" \/>\n<meta property=\"og:description\" content=\"DAXIA suministra ingredientes y aditivos para la industria brasile\u00f1a y de otros pa\u00edses de Am\u00e9rica Latina, desde 1994. Con un amplio cat\u00e1logo de productos, fabrica y distribuye ingredientes para alimentos, bebidas, nutrici\u00f3n animal, personal care, household, entre otros. DAXIA busca superar retos, promover buenos negocios y presentar especialidades e innovaciones para nuestros clientes a trav\u00e9s [&hellip;]\" \/>\n<meta property=\"og:url\" content=\"https:\/\/www.daxia.com.br\/es\/sobre-la-daxia\/\" \/>\n<meta property=\"og:site_name\" content=\"DAXIA\" \/>\n<meta property=\"article:modified_time\" content=\"2021-03-02T19:02:22+00:00\" \/>\n<meta property=\"og:image\" content=\"https:\/\/www.daxia.com.br\/es\/wp-content\/uploads\/2020\/09\/daxia-2.jpg\" \/>\n\t<meta property=\"og:image:width\" content=\"2012\" \/>\n\t<meta property=\"og:image:height\" content=\"863\" \/>\n\t<meta property=\"og:image:type\" content=\"image\/jpeg\" \/>\n<meta name=\"twitter:card\" content=\"summary_large_image\" \/>\n<script type=\"application\/ld+json\" class=\"yoast-schema-graph\">{\"@context\":\"https:\/\/schema.org\",\"@graph\":[{\"@type\":\"WebPage\",\"@id\":\"https:\/\/www.daxia.com.br\/es\/sobre-la-daxia\/\",\"url\":\"https:\/\/www.daxia.com.br\/es\/sobre-la-daxia\/\",\"name\":\"Sobre la DAXIA - DAXIA\",\"isPartOf\":{\"@id\":\"https:\/\/www.daxia.com.br\/es\/#website\"},\"primaryImageOfPage\":{\"@id\":\"https:\/\/www.daxia.com.br\/es\/sobre-la-daxia\/#primaryimage\"},\"image\":{\"@id\":\"https:\/\/www.daxia.com.br\/es\/sobre-la-daxia\/#primaryimage\"},\"thumbnailUrl\":\"https:\/\/www.daxia.com.br\/es\/wp-content\/uploads\/2020\/09\/daxia-2.jpg\",\"datePublished\":\"2020-05-19T11:17:02+00:00\",\"dateModified\":\"2021-03-02T19:02:22+00:00\",\"breadcrumb\":{\"@id\":\"https:\/\/www.daxia.com.br\/es\/sobre-la-daxia\/#breadcrumb\"},\"inLanguage\":\"en-US\",\"potentialAction\":[{\"@type\":\"ReadAction\",\"target\":[\"https:\/\/www.daxia.com.br\/es\/sobre-la-daxia\/\"]}]},{\"@type\":\"ImageObject\",\"inLanguage\":\"en-US\",\"@id\":\"https:\/\/www.daxia.com.br\/es\/sobre-la-daxia\/#primaryimage\",\"url\":\"https:\/\/www.daxia.com.br\/es\/wp-content\/uploads\/2020\/09\/daxia-2.jpg\",\"contentUrl\":\"https:\/\/www.daxia.com.br\/es\/wp-content\/uploads\/2020\/09\/daxia-2.jpg\",\"width\":2012,\"height\":863},{\"@type\":\"BreadcrumbList\",\"@id\":\"https:\/\/www.daxia.com.br\/es\/sobre-la-daxia\/#breadcrumb\",\"itemListElement\":[{\"@type\":\"ListItem\",\"position\":1,\"name\":\"Home\",\"item\":\"https:\/\/www.daxia.com.br\/es\/\"},{\"@type\":\"ListItem\",\"position\":2,\"name\":\"Sobre la DAXIA\"}]},{\"@type\":\"WebSite\",\"@id\":\"https:\/\/www.daxia.com.br\/es\/#website\",\"url\":\"https:\/\/www.daxia.com.br\/es\/\",\"name\":\"DAXIA\",\"description\":\"Ingredientes Aditivos\",\"potentialAction\":[{\"@type\":\"SearchAction\",\"target\":{\"@type\":\"EntryPoint\",\"urlTemplate\":\"https:\/\/www.daxia.com.br\/es\/?s={search_term_string}\"},\"query-input\":\"required name=search_term_string\"}],\"inLanguage\":\"en-US\"}]}<\/script>\n<!-- \/ Yoast SEO plugin. -->","yoast_head_json":{"title":"Sobre la DAXIA - DAXIA","robots":{"index":"index","follow":"follow","max-snippet":"max-snippet:-1","max-image-preview":"max-image-preview:large","max-video-preview":"max-video-preview:-1"},"canonical":"https:\/\/www.daxia.com.br\/es\/sobre-la-daxia\/","og_locale":"en_US","og_type":"article","og_title":"Sobre la DAXIA - DAXIA","og_description":"DAXIA suministra ingredientes y aditivos para la industria brasile\u00f1a y de otros pa\u00edses de Am\u00e9rica Latina, desde 1994. Con un amplio cat\u00e1logo de productos, fabrica y distribuye ingredientes para alimentos, bebidas, nutrici\u00f3n animal, personal care, household, entre otros. DAXIA busca superar retos, promover buenos negocios y presentar especialidades e innovaciones para nuestros clientes a trav\u00e9s [&hellip;]","og_url":"https:\/\/www.daxia.com.br\/es\/sobre-la-daxia\/","og_site_name":"DAXIA","article_modified_time":"2021-03-02T19:02:22+00:00","og_image":[{"width":2012,"height":863,"url":"https:\/\/www.daxia.com.br\/es\/wp-content\/uploads\/2020\/09\/daxia-2.jpg","type":"image\/jpeg"}],"twitter_card":"summary_large_image","schema":{"@context":"https:\/\/schema.org","@graph":[{"@type":"WebPage","@id":"https:\/\/www.daxia.com.br\/es\/sobre-la-daxia\/","url":"https:\/\/www.daxia.com.br\/es\/sobre-la-daxia\/","name":"Sobre la DAXIA - DAXIA","isPartOf":{"@id":"https:\/\/www.daxia.com.br\/es\/#website"},"primaryImageOfPage":{"@id":"https:\/\/www.daxia.com.br\/es\/sobre-la-daxia\/#primaryimage"},"image":{"@id":"https:\/\/www.daxia.com.br\/es\/sobre-la-daxia\/#primaryimage"},"thumbnailUrl":"https:\/\/www.daxia.com.br\/es\/wp-content\/uploads\/2020\/09\/daxia-2.jpg","datePublished":"2020-05-19T11:17:02+00:00","dateModified":"2021-03-02T19:02:22+00:00","breadcrumb":{"@id":"https:\/\/www.daxia.com.br\/es\/sobre-la-daxia\/#breadcrumb"},"inLanguage":"en-US","potentialAction":[{"@type":"ReadAction","target":["https:\/\/www.daxia.com.br\/es\/sobre-la-daxia\/"]}]},{"@type":"ImageObject","inLanguage":"en-US","@id":"https:\/\/www.daxia.com.br\/es\/sobre-la-daxia\/#primaryimage","url":"https:\/\/www.daxia.com.br\/es\/wp-content\/uploads\/2020\/09\/daxia-2.jpg","contentUrl":"https:\/\/www.daxia.com.br\/es\/wp-content\/uploads\/2020\/09\/daxia-2.jpg","width":2012,"height":863},{"@type":"BreadcrumbList","@id":"https:\/\/www.daxia.com.br\/es\/sobre-la-daxia\/#breadcrumb","itemListElement":[{"@type":"ListItem","position":1,"name":"Home","item":"https:\/\/www.daxia.com.br\/es\/"},{"@type":"ListItem","position":2,"name":"Sobre la DAXIA"}]},{"@type":"WebSite","@id":"https:\/\/www.daxia.com.br\/es\/#website","url":"https:\/\/www.daxia.com.br\/es\/","name":"DAXIA","description":"Ingredientes Aditivos","potentialAction":[{"@type":"SearchAction","target":{"@type":"EntryPoint","urlTemplate":"https:\/\/www.daxia.com.br\/es\/?s={search_term_string}"},"query-input":"required name=search_term_string"}],"inLanguage":"en-US"}]}},"_links":{"self":[{"href":"https:\/\/www.daxia.com.br\/es\/wp-json\/wp\/v2\/pages\/10"}],"collection":[{"href":"https:\/\/www.daxia.com.br\/es\/wp-json\/wp\/v2\/pages"}],"about":[{"href":"https:\/\/www.daxia.com.br\/es\/wp-json\/wp\/v2\/types\/page"}],"author":[{"embeddable":true,"href":"https:\/\/www.daxia.com.br\/es\/wp-json\/wp\/v2\/users\/1"}],"replies":[{"embeddable":true,"href":"https:\/\/www.daxia.com.br\/es\/wp-json\/wp\/v2\/comments?post=10"}],"version-history":[{"count":38,"href":"https:\/\/www.daxia.com.br\/es\/wp-json\/wp\/v2\/pages\/10\/revisions"}],"predecessor-version":[{"id":14374,"href":"https:\/\/www.daxia.com.br\/es\/wp-json\/wp\/v2\/pages\/10\/revisions\/14374"}],"wp:featuredmedia":[{"embeddable":true,"href":"https:\/\/www.daxia.com.br\/es\/wp-json\/wp\/v2\/media\/499"}],"wp:attachment":[{"href":"https:\/\/www.daxia.com.br\/es\/wp-json\/wp\/v2\/media?parent=10"}],"curies":[{"name":"wp","href":"https:\/\/api.w.org\/{rel}","templated":true}]}}