{"id":211,"date":"2020-08-03T12:35:27","date_gmt":"2020-08-03T12:35:27","guid":{"rendered":"http:\/\/exemplo.criativito.com.br\/daxia\/?page_id=211"},"modified":"2021-02-02T20:48:32","modified_gmt":"2021-02-02T20:48:32","slug":"codigo-de-etica-y-conducta","status":"publish","type":"page","link":"https:\/\/www.daxia.com.br\/es\/codigo-de-etica-y-conducta\/","title":{"rendered":"C\u00f3digo De \u00c9tica Y Conducta"},"content":{"rendered":"<p>Tenemos como principio la valorizaci\u00f3n del trabajo, el respeto a las leyes y el compromiso con la \u00e9tica y la integridad.<\/p>\n<p>El C\u00f3digo de \u00c9tica y Conducta de Daxia contempla los principios \u00e9ticos y las directrices m\u00e1s importantes que nos han guiado en el transcurso de nuestra historia. En conjunto con nuestras dem\u00e1s pol\u00edticas y normas, orientan las relaciones entre nuestros colaboradores, clientes, proveedores y prestadores de servicios.<\/p>\n<p>Si usted tiene alguna cr\u00edtica, sugesti\u00f3n, presenci\u00f3 o conoce cualquier desv\u00edo de conducta o violaci\u00f3n de nuestro C\u00f3digo de \u00c9tica y Conducta, haga una denuncia a trav\u00e9s del tel\u00e9fono\/ WhatsApp + 55 (11) 99659-5239 o env\u00ede un e-mail para: comitedeetica@daxia.com.br<\/p>\n<p>Las informaciones ser\u00e1n tratadas de forma confidencial y su identidad ser\u00e1 preservada, si usted lo desea.<\/p>\n<a class=\"botao-pagina\" href=\"https:\/\/www.daxia.com.br\/es\/wp-content\/uploads\/2021\/02\/CODIGO-DE-ETICA-Y-CONDUCTA-DAXIA.pdf\" target=\"_blank\">C\u00d3DIGO DE \u00c9TICA Y CONDUCTA DE DAXIA<\/a>\n","protected":false},"excerpt":{"rendered":"<p>Tenemos como principio la valorizaci\u00f3n del trabajo, el respeto a las leyes y el compromiso con la \u00e9tica y la integridad. El C\u00f3digo de \u00c9tica y Conducta de Daxia contempla los principios \u00e9ticos y las directrices m\u00e1s importantes que nos han guiado en el transcurso de nuestra historia. En conjunto con nuestras dem\u00e1s pol\u00edticas y [&hellip;]<\/p>\n","protected":false},"author":1,"featured_media":0,"parent":0,"menu_order":0,"comment_status":"closed","ping_status":"closed","template":"","meta":{"_acf_changed":false,"footnotes":""},"class_list":["post-211","page","type-page","status-publish","hentry"],"acf":[],"yoast_head":"<!-- This site is optimized with the Yoast SEO plugin v23.1 - https:\/\/yoast.com\/wordpress\/plugins\/seo\/ -->\n<title>C\u00f3digo De \u00c9tica Y Conducta - DAXIA<\/title>\n<meta name=\"robots\" content=\"index, follow, max-snippet:-1, max-image-preview:large, max-video-preview:-1\" \/>\n<link rel=\"canonical\" href=\"https:\/\/www.daxia.com.br\/es\/codigo-de-etica-y-conducta\/\" \/>\n<meta property=\"og:locale\" content=\"en_US\" \/>\n<meta property=\"og:type\" content=\"article\" \/>\n<meta property=\"og:title\" content=\"C\u00f3digo De \u00c9tica Y Conducta - DAXIA\" \/>\n<meta property=\"og:description\" content=\"Tenemos como principio la valorizaci\u00f3n del trabajo, el respeto a las leyes y el compromiso con la \u00e9tica y la integridad. El C\u00f3digo de \u00c9tica y Conducta de Daxia contempla los principios \u00e9ticos y las directrices m\u00e1s importantes que nos han guiado en el transcurso de nuestra historia. En conjunto con nuestras dem\u00e1s pol\u00edticas y [&hellip;]\" \/>\n<meta property=\"og:url\" content=\"https:\/\/www.daxia.com.br\/es\/codigo-de-etica-y-conducta\/\" \/>\n<meta property=\"og:site_name\" content=\"DAXIA\" \/>\n<meta property=\"article:modified_time\" content=\"2021-02-02T20:48:32+00:00\" \/>\n<meta name=\"twitter:card\" content=\"summary_large_image\" \/>\n<meta name=\"twitter:label1\" content=\"Est. reading time\" \/>\n\t<meta name=\"twitter:data1\" content=\"1 minute\" \/>\n<script type=\"application\/ld+json\" class=\"yoast-schema-graph\">{\"@context\":\"https:\/\/schema.org\",\"@graph\":[{\"@type\":\"WebPage\",\"@id\":\"https:\/\/www.daxia.com.br\/es\/codigo-de-etica-y-conducta\/\",\"url\":\"https:\/\/www.daxia.com.br\/es\/codigo-de-etica-y-conducta\/\",\"name\":\"C\u00f3digo De \u00c9tica Y Conducta - DAXIA\",\"isPartOf\":{\"@id\":\"https:\/\/www.daxia.com.br\/es\/#website\"},\"datePublished\":\"2020-08-03T12:35:27+00:00\",\"dateModified\":\"2021-02-02T20:48:32+00:00\",\"breadcrumb\":{\"@id\":\"https:\/\/www.daxia.com.br\/es\/codigo-de-etica-y-conducta\/#breadcrumb\"},\"inLanguage\":\"en-US\",\"potentialAction\":[{\"@type\":\"ReadAction\",\"target\":[\"https:\/\/www.daxia.com.br\/es\/codigo-de-etica-y-conducta\/\"]}]},{\"@type\":\"BreadcrumbList\",\"@id\":\"https:\/\/www.daxia.com.br\/es\/codigo-de-etica-y-conducta\/#breadcrumb\",\"itemListElement\":[{\"@type\":\"ListItem\",\"position\":1,\"name\":\"Home\",\"item\":\"https:\/\/www.daxia.com.br\/es\/\"},{\"@type\":\"ListItem\",\"position\":2,\"name\":\"C\u00f3digo De \u00c9tica Y Conducta\"}]},{\"@type\":\"WebSite\",\"@id\":\"https:\/\/www.daxia.com.br\/es\/#website\",\"url\":\"https:\/\/www.daxia.com.br\/es\/\",\"name\":\"DAXIA\",\"description\":\"Ingredientes Aditivos\",\"potentialAction\":[{\"@type\":\"SearchAction\",\"target\":{\"@type\":\"EntryPoint\",\"urlTemplate\":\"https:\/\/www.daxia.com.br\/es\/?s={search_term_string}\"},\"query-input\":\"required name=search_term_string\"}],\"inLanguage\":\"en-US\"}]}<\/script>\n<!-- \/ Yoast SEO plugin. -->","yoast_head_json":{"title":"C\u00f3digo De \u00c9tica Y Conducta - DAXIA","robots":{"index":"index","follow":"follow","max-snippet":"max-snippet:-1","max-image-preview":"max-image-preview:large","max-video-preview":"max-video-preview:-1"},"canonical":"https:\/\/www.daxia.com.br\/es\/codigo-de-etica-y-conducta\/","og_locale":"en_US","og_type":"article","og_title":"C\u00f3digo De \u00c9tica Y Conducta - DAXIA","og_description":"Tenemos como principio la valorizaci\u00f3n del trabajo, el respeto a las leyes y el compromiso con la \u00e9tica y la integridad. El C\u00f3digo de \u00c9tica y Conducta de Daxia contempla los principios \u00e9ticos y las directrices m\u00e1s importantes que nos han guiado en el transcurso de nuestra historia. En conjunto con nuestras dem\u00e1s pol\u00edticas y [&hellip;]","og_url":"https:\/\/www.daxia.com.br\/es\/codigo-de-etica-y-conducta\/","og_site_name":"DAXIA","article_modified_time":"2021-02-02T20:48:32+00:00","twitter_card":"summary_large_image","twitter_misc":{"Est. reading time":"1 minute"},"schema":{"@context":"https:\/\/schema.org","@graph":[{"@type":"WebPage","@id":"https:\/\/www.daxia.com.br\/es\/codigo-de-etica-y-conducta\/","url":"https:\/\/www.daxia.com.br\/es\/codigo-de-etica-y-conducta\/","name":"C\u00f3digo De \u00c9tica Y Conducta - DAXIA","isPartOf":{"@id":"https:\/\/www.daxia.com.br\/es\/#website"},"datePublished":"2020-08-03T12:35:27+00:00","dateModified":"2021-02-02T20:48:32+00:00","breadcrumb":{"@id":"https:\/\/www.daxia.com.br\/es\/codigo-de-etica-y-conducta\/#breadcrumb"},"inLanguage":"en-US","potentialAction":[{"@type":"ReadAction","target":["https:\/\/www.daxia.com.br\/es\/codigo-de-etica-y-conducta\/"]}]},{"@type":"BreadcrumbList","@id":"https:\/\/www.daxia.com.br\/es\/codigo-de-etica-y-conducta\/#breadcrumb","itemListElement":[{"@type":"ListItem","position":1,"name":"Home","item":"https:\/\/www.daxia.com.br\/es\/"},{"@type":"ListItem","position":2,"name":"C\u00f3digo De \u00c9tica Y Conducta"}]},{"@type":"WebSite","@id":"https:\/\/www.daxia.com.br\/es\/#website","url":"https:\/\/www.daxia.com.br\/es\/","name":"DAXIA","description":"Ingredientes Aditivos","potentialAction":[{"@type":"SearchAction","target":{"@type":"EntryPoint","urlTemplate":"https:\/\/www.daxia.com.br\/es\/?s={search_term_string}"},"query-input":"required name=search_term_string"}],"inLanguage":"en-US"}]}},"_links":{"self":[{"href":"https:\/\/www.daxia.com.br\/es\/wp-json\/wp\/v2\/pages\/211"}],"collection":[{"href":"https:\/\/www.daxia.com.br\/es\/wp-json\/wp\/v2\/pages"}],"about":[{"href":"https:\/\/www.daxia.com.br\/es\/wp-json\/wp\/v2\/types\/page"}],"author":[{"embeddable":true,"href":"https:\/\/www.daxia.com.br\/es\/wp-json\/wp\/v2\/users\/1"}],"replies":[{"embeddable":true,"href":"https:\/\/www.daxia.com.br\/es\/wp-json\/wp\/v2\/comments?post=211"}],"version-history":[{"count":18,"href":"https:\/\/www.daxia.com.br\/es\/wp-json\/wp\/v2\/pages\/211\/revisions"}],"predecessor-version":[{"id":14364,"href":"https:\/\/www.daxia.com.br\/es\/wp-json\/wp\/v2\/pages\/211\/revisions\/14364"}],"wp:attachment":[{"href":"https:\/\/www.daxia.com.br\/es\/wp-json\/wp\/v2\/media?parent=211"}],"curies":[{"name":"wp","href":"https:\/\/api.w.org\/{rel}","templated":true}]}}