{"id":243,"date":"2020-08-31T14:35:47","date_gmt":"2020-08-31T14:35:47","guid":{"rendered":"http:\/\/exemplo.criativito.com.br\/daxia\/?page_id=243"},"modified":"2020-12-03T21:07:00","modified_gmt":"2020-12-03T21:07:00","slug":"politica-de-privacidad","status":"publish","type":"page","link":"https:\/\/www.daxia.com.br\/es\/politica-de-privacidad\/","title":{"rendered":"Pol\u00edtica de Privacidad"},"content":{"rendered":"<p>Actualizada el 22 de septiembre del 2020<\/p>\n<p>DAXIA se preocupa con los aspectos de privacidad y quiere que usted est\u00e9 familiarizado con la forma como sus informaciones son colectadas, utilizadas y divulgadas. La garantia de la confidencialidad de los datos personales de los usu\u00e1rios de nuestro portal para nosotros es importante.<\/p>\n<p>Esta Pol\u00edtica de Privacidad describe las pr\u00e1cticas de DAXIA relacionadas con las informaciones que son colectadas por medio de nuestro website. Al indicar informaciones personales a DAXIA, usted concuerda con los terminos y las condiciones de esta Pol\u00edtica de Privacidad.<\/p>\n<p>Todas las informaciones personales adquiridas ser\u00e1n tratadas de acuerdo con la Ley General de Protecci\u00f3n de Datos (LGPD). La Ley Federal n\u00ba 13.709, publicada el 14 de agosto de 2018, regula las actividades de Tratamiento de Datos Personales, incluso en los medios digitales, por la persona f\u00edsica o por la persona jur\u00eddica de derecho p\u00fablico o privado. Esas informaciones ser\u00e1n usadas para que su visita en nuestro website y su interactuar con a DAXIA sea la mas productiva y agradable posible.<\/p>\n<h3>1 &#8211; <strong>Informaciones personales que ofrece y que nosotros colectamos<\/strong><\/h3>\n<p>Cuando usted contrata, utiliza, interact\u00faan con nuestro website, o se comunica con nosotros de alguna forma, usted (o su empresa) pueden ofrecernos algunas informaciones que los identifiquen. Esas informaciones incluyen:<\/p>\n<p>Datos de contacto como nombre, cargo, empresa, localizaci\u00f3n, n\u00famero de telefono y direcci\u00f3n de e-mail;<\/p>\n<p>N\u00famero de identificaci\u00f3n fiscal del proveedor o cliente;<\/p>\n<p>Preferencias de marketing;<\/p>\n<p>Perguntas\/respuestas de seguridad;<\/p>\n<p>Las informaciones personales son colectadas para ofrecerle a usted los servicios y productos solicitados. Si usted no informa esos datos, talvez no sea posible atender a sus solicitaciones o servicios.<\/p>\n<p>Cuando usted utiliza nuestro website, nosotros podemos colectar y almazenar datos de forma autom\u00e1tica. Esos datos incluyen:<\/p>\n<p>Datos de dispositivos que usted utiliza para accesar la website, como su direcci\u00f3n de IP, sistema operacional e informaciones de geolocaliza\u00e7ci\u00f3n.<\/p>\n<p>Datos de registros y sus actividades en el sitio (como por ejemplo la fecha y hora de su utilizaci\u00f3n, las p\u00e1ginas y archivos que usted visualiz\u00f3, enquestas y otras acciones que usted realiza).<\/p>\n<p>Datos de navegaci\u00f3n, es decir, datos sobre como usted utiliza y interact\u00faan con\u00a0 nuestro website y sus actividades de navegaci\u00f3n.<\/p>\n<h3>2 &#8211;\u00a0<strong>Como usamos las Informaciones Personales<\/strong><\/h3>\n<p>Nosotros podemos utilizar los datos colectados o recebidos a partir de la utilizaci\u00f3n del website para las siguientes finalidades:<\/p>\n<p>Para ofrecer servicios deseados, atender a las solicitaciones de clientes y\/o entrar en contacto com el usu\u00e1rio para, por ejemplo, responder a sus preguntas.<\/p>\n<p>Enviar comunicaciones de marketing, alertas por e-mail y mensajes de texto que creemos que sean de su interes, incluyendo ferias y eventos comerciales.<\/p>\n<p>Personalizar nuestras interaciones, presentando los productos de DAXIA, de acuerdo con\u00a0 sus preferencias de marketing.<\/p>\n<p>Evaluar o entender la eficiencia de la publicidad que vehiculamos, proveer publicidades relevantes para usted;<\/p>\n<p>Realizar operaciones internas, soluci\u00f3n de problemas, an\u00e1lisis de datos, testeo, encuestas y estadisticas;<\/p>\n<p>Podemos utilizar sus informaciones personales conforme creemos que sea necesario o apropiado para cumplir a la ley aplicable, responder a las solicitaciones de autoridades p\u00fablicas y gubernamentales, para proteger los derechos, la \u00a0privacidad, la seguridad o la propriedad de DAXIA, de que usted u otras personas; y para permitir que\u00a0 DAXIA busque las soluciones y los recursos disponibles o limite a los da\u00f1os que podemos sufrir.<\/p>\n<h3>3 &#8211; <strong>Cookies y Tecnologias de Rastreamiento<\/strong><\/h3>\n<p>Nosotros y nuestros colaboradores podemos utilizar diversas tecnologias, como cookies, para colectar y almazenar, de forma autom\u00e1tica, dados sobre el uso en nuestro website. Al utilizar eses cookies tomamos medidas para garantizar que su privacidad sea protegida y respetada en todos os momentos.<\/p>\n<h3>4 &#8211; <strong>Sites de terceros<\/strong><\/h3>\n<p>Esta Pol\u00edtica de Privacidad no trata de informaciones u otras practicas de terceros, y no nos responsabilizamos por la privacidad de las informaciones utilizadas por terceros, incluyendo cualquier tercero que opere cualquier site para el cu\u00e1l la website contenga un link. A inclusi\u00f3n de un link en la website no implica en endoso del site vinculado por DAXIA. No somos responsables por las pol\u00edticas o pr\u00e1ticas de coleta, uso, divulgaci\u00f3n o seguridad de informaciones de cualquer desenvolvedor de aplicativos, proveedor de aplicativos, proveedor de plataformas de automaci\u00f3n o de la red social, proveedor de sistema operacional, proveedor de servicios wireless o fabricante de dispositivos, incluso en relaci\u00f3n a cualquier informaciones personales que usted divulgue para otras organizaciones a travez de websites o aplicativos.<\/p>\n<h3>5 &#8211; <strong>Segururidad y del Tratamiento de los datos<\/strong><\/h3>\n<p>Los datos personales tratados por DAXIA son protegidos por medidas f\u00edsicas, t\u00e9cnicas y organizacionales de seguridad para reducir riegos de perdida, mal uso y acceso no autorizado, , divulgaci\u00f3n y alteraci\u00f3n, tales como firewalls y criptografia de datos, controles de acceso f\u00edsico a data centers, adem\u00e1s de controles de autorizaci\u00f3n de acceso a la informaci\u00f3n.<\/p>\n<p>Desgraciadamente ninguna transmisi\u00f3n de datos por la Internet o sistema de almazenamiento de datos puede ser garantizada como 100% segura. Si usted sospechar o tiene motivos para creer que su interaci\u00f3n con DAXIA no es segura, informenos imediatamente del problema por medio de las formas de contacto presentados en este site.<\/p>\n<p>Esta Pol\u00edtica de Privacidad se aplica a las circunstancias arriba descritas durante todo el per\u00edodo en que DAXIA almacene sus datos personales. Nosotros almacenamos y mantenemos sus informaciones: por el tiempo exigido por ley; hasta el t\u00e9rmino del tratamiento de datos personales, o por el tiempo necesario para preservar el leg\u00edtimo inter\u00e9s de DAXIA. Asi, trataremos sus datos, por ejemplo, durante los plazos prescritos aplicables o cuanto necesario para cumplimiento de obligacion legal o regulat\u00f3ria.<\/p>\n<p>El t\u00e9rmino do tratamiento de datos personales ocurrir\u00e1 en los siguientes casos: cuando la finalidad para cual el dato personal fue colectado fuerar alcanzada, y\/o os datos personales colectados dejen de ser neces\u00e1rios o pertinentes al alcance de tal finalidad; cuando el titular solicitar a exclusi\u00f3n de sus datos; y exista una determinaci\u00f3n legal en este sentido.<\/p>\n<p>En los casos de termino de tratamiento de datos personales, resalvadas las hip\u00f3tesis establecidas por la legislaci\u00f3n aplicable o por la presente Pol\u00edtica de Privacidad, los datos personales ser\u00e1n eliminados y esta Pol\u00edtica no ser\u00e1 m\u00e1s aplicada al\u00a0 su relacionamiento con DAXIA.<\/p>\n<h3>6 &#8211; <strong>Alteraci\u00f3n em la Pol\u00edtica de Privacidad<\/strong><\/h3>\n<p>DAXIA se reserva el derecho de alterar esta pol\u00edtica de privacidad a cualquier momento, mediante publicaci\u00f3n de la versi\u00f3n actualizada en su website. De este modo, recomendamos que consulte nuestra Pol\u00edtica de Privacidad con regularidad de forma que siempre est\u00e9 actualizado.<\/p>\n<h3>7 &#8211;\u00a0<strong>Contactar DAXIA para esclarecimiento de dudas<\/strong><\/h3>\n<p>Se tuviera dudas sobre esta Pol\u00edtica de Privacidad, entre en contacto com nosotros usando el formul\u00e1rio dispon\u00edble en nuestro site, o por el telefono +55 11 2633-3000.<\/p>\n","protected":false},"excerpt":{"rendered":"<p>Actualizada el 22 de septiembre del 2020 DAXIA se preocupa con los aspectos de privacidad y quiere que usted est\u00e9 familiarizado con la forma como sus informaciones son colectadas, utilizadas y divulgadas. La garantia de la confidencialidad de los datos personales de los usu\u00e1rios de nuestro portal para nosotros es importante. Esta Pol\u00edtica de Privacidad [&hellip;]<\/p>\n","protected":false},"author":1,"featured_media":499,"parent":0,"menu_order":0,"comment_status":"closed","ping_status":"closed","template":"","meta":{"_acf_changed":false,"footnotes":""},"class_list":["post-243","page","type-page","status-publish","has-post-thumbnail","hentry"],"acf":[],"yoast_head":"<!-- This site is optimized with the Yoast SEO plugin v23.1 - https:\/\/yoast.com\/wordpress\/plugins\/seo\/ -->\n<title>Pol\u00edtica de Privacidad - DAXIA<\/title>\n<meta name=\"robots\" content=\"index, follow, max-snippet:-1, max-image-preview:large, max-video-preview:-1\" \/>\n<link rel=\"canonical\" href=\"https:\/\/www.daxia.com.br\/es\/politica-de-privacidad\/\" \/>\n<meta property=\"og:locale\" content=\"en_US\" \/>\n<meta property=\"og:type\" content=\"article\" \/>\n<meta property=\"og:title\" content=\"Pol\u00edtica de Privacidad - DAXIA\" \/>\n<meta property=\"og:description\" content=\"Actualizada el 22 de septiembre del 2020 DAXIA se preocupa con los aspectos de privacidad y quiere que usted est\u00e9 familiarizado con la forma como sus informaciones son colectadas, utilizadas y divulgadas. La garantia de la confidencialidad de los datos personales de los usu\u00e1rios de nuestro portal para nosotros es importante. Esta Pol\u00edtica de Privacidad [&hellip;]\" \/>\n<meta property=\"og:url\" content=\"https:\/\/www.daxia.com.br\/es\/politica-de-privacidad\/\" \/>\n<meta property=\"og:site_name\" content=\"DAXIA\" \/>\n<meta property=\"article:modified_time\" content=\"2020-12-03T21:07:00+00:00\" \/>\n<meta property=\"og:image\" content=\"https:\/\/www.daxia.com.br\/es\/wp-content\/uploads\/2020\/09\/daxia-2.jpg\" \/>\n\t<meta property=\"og:image:width\" content=\"2012\" \/>\n\t<meta property=\"og:image:height\" content=\"863\" \/>\n\t<meta property=\"og:image:type\" content=\"image\/jpeg\" \/>\n<meta name=\"twitter:card\" content=\"summary_large_image\" \/>\n<meta name=\"twitter:label1\" content=\"Est. reading time\" \/>\n\t<meta name=\"twitter:data1\" content=\"6 minutes\" \/>\n<script type=\"application\/ld+json\" class=\"yoast-schema-graph\">{\"@context\":\"https:\/\/schema.org\",\"@graph\":[{\"@type\":\"WebPage\",\"@id\":\"https:\/\/www.daxia.com.br\/es\/politica-de-privacidad\/\",\"url\":\"https:\/\/www.daxia.com.br\/es\/politica-de-privacidad\/\",\"name\":\"Pol\u00edtica de Privacidad - DAXIA\",\"isPartOf\":{\"@id\":\"https:\/\/www.daxia.com.br\/es\/#website\"},\"primaryImageOfPage\":{\"@id\":\"https:\/\/www.daxia.com.br\/es\/politica-de-privacidad\/#primaryimage\"},\"image\":{\"@id\":\"https:\/\/www.daxia.com.br\/es\/politica-de-privacidad\/#primaryimage\"},\"thumbnailUrl\":\"https:\/\/www.daxia.com.br\/es\/wp-content\/uploads\/2020\/09\/daxia-2.jpg\",\"datePublished\":\"2020-08-31T14:35:47+00:00\",\"dateModified\":\"2020-12-03T21:07:00+00:00\",\"breadcrumb\":{\"@id\":\"https:\/\/www.daxia.com.br\/es\/politica-de-privacidad\/#breadcrumb\"},\"inLanguage\":\"en-US\",\"potentialAction\":[{\"@type\":\"ReadAction\",\"target\":[\"https:\/\/www.daxia.com.br\/es\/politica-de-privacidad\/\"]}]},{\"@type\":\"ImageObject\",\"inLanguage\":\"en-US\",\"@id\":\"https:\/\/www.daxia.com.br\/es\/politica-de-privacidad\/#primaryimage\",\"url\":\"https:\/\/www.daxia.com.br\/es\/wp-content\/uploads\/2020\/09\/daxia-2.jpg\",\"contentUrl\":\"https:\/\/www.daxia.com.br\/es\/wp-content\/uploads\/2020\/09\/daxia-2.jpg\",\"width\":2012,\"height\":863},{\"@type\":\"BreadcrumbList\",\"@id\":\"https:\/\/www.daxia.com.br\/es\/politica-de-privacidad\/#breadcrumb\",\"itemListElement\":[{\"@type\":\"ListItem\",\"position\":1,\"name\":\"Home\",\"item\":\"https:\/\/www.daxia.com.br\/es\/\"},{\"@type\":\"ListItem\",\"position\":2,\"name\":\"Pol\u00edtica de Privacidad\"}]},{\"@type\":\"WebSite\",\"@id\":\"https:\/\/www.daxia.com.br\/es\/#website\",\"url\":\"https:\/\/www.daxia.com.br\/es\/\",\"name\":\"DAXIA\",\"description\":\"Ingredientes Aditivos\",\"potentialAction\":[{\"@type\":\"SearchAction\",\"target\":{\"@type\":\"EntryPoint\",\"urlTemplate\":\"https:\/\/www.daxia.com.br\/es\/?s={search_term_string}\"},\"query-input\":\"required name=search_term_string\"}],\"inLanguage\":\"en-US\"}]}<\/script>\n<!-- \/ Yoast SEO plugin. -->","yoast_head_json":{"title":"Pol\u00edtica de Privacidad - DAXIA","robots":{"index":"index","follow":"follow","max-snippet":"max-snippet:-1","max-image-preview":"max-image-preview:large","max-video-preview":"max-video-preview:-1"},"canonical":"https:\/\/www.daxia.com.br\/es\/politica-de-privacidad\/","og_locale":"en_US","og_type":"article","og_title":"Pol\u00edtica de Privacidad - DAXIA","og_description":"Actualizada el 22 de septiembre del 2020 DAXIA se preocupa con los aspectos de privacidad y quiere que usted est\u00e9 familiarizado con la forma como sus informaciones son colectadas, utilizadas y divulgadas. La garantia de la confidencialidad de los datos personales de los usu\u00e1rios de nuestro portal para nosotros es importante. Esta Pol\u00edtica de Privacidad [&hellip;]","og_url":"https:\/\/www.daxia.com.br\/es\/politica-de-privacidad\/","og_site_name":"DAXIA","article_modified_time":"2020-12-03T21:07:00+00:00","og_image":[{"width":2012,"height":863,"url":"https:\/\/www.daxia.com.br\/es\/wp-content\/uploads\/2020\/09\/daxia-2.jpg","type":"image\/jpeg"}],"twitter_card":"summary_large_image","twitter_misc":{"Est. reading time":"6 minutes"},"schema":{"@context":"https:\/\/schema.org","@graph":[{"@type":"WebPage","@id":"https:\/\/www.daxia.com.br\/es\/politica-de-privacidad\/","url":"https:\/\/www.daxia.com.br\/es\/politica-de-privacidad\/","name":"Pol\u00edtica de Privacidad - DAXIA","isPartOf":{"@id":"https:\/\/www.daxia.com.br\/es\/#website"},"primaryImageOfPage":{"@id":"https:\/\/www.daxia.com.br\/es\/politica-de-privacidad\/#primaryimage"},"image":{"@id":"https:\/\/www.daxia.com.br\/es\/politica-de-privacidad\/#primaryimage"},"thumbnailUrl":"https:\/\/www.daxia.com.br\/es\/wp-content\/uploads\/2020\/09\/daxia-2.jpg","datePublished":"2020-08-31T14:35:47+00:00","dateModified":"2020-12-03T21:07:00+00:00","breadcrumb":{"@id":"https:\/\/www.daxia.com.br\/es\/politica-de-privacidad\/#breadcrumb"},"inLanguage":"en-US","potentialAction":[{"@type":"ReadAction","target":["https:\/\/www.daxia.com.br\/es\/politica-de-privacidad\/"]}]},{"@type":"ImageObject","inLanguage":"en-US","@id":"https:\/\/www.daxia.com.br\/es\/politica-de-privacidad\/#primaryimage","url":"https:\/\/www.daxia.com.br\/es\/wp-content\/uploads\/2020\/09\/daxia-2.jpg","contentUrl":"https:\/\/www.daxia.com.br\/es\/wp-content\/uploads\/2020\/09\/daxia-2.jpg","width":2012,"height":863},{"@type":"BreadcrumbList","@id":"https:\/\/www.daxia.com.br\/es\/politica-de-privacidad\/#breadcrumb","itemListElement":[{"@type":"ListItem","position":1,"name":"Home","item":"https:\/\/www.daxia.com.br\/es\/"},{"@type":"ListItem","position":2,"name":"Pol\u00edtica de Privacidad"}]},{"@type":"WebSite","@id":"https:\/\/www.daxia.com.br\/es\/#website","url":"https:\/\/www.daxia.com.br\/es\/","name":"DAXIA","description":"Ingredientes Aditivos","potentialAction":[{"@type":"SearchAction","target":{"@type":"EntryPoint","urlTemplate":"https:\/\/www.daxia.com.br\/es\/?s={search_term_string}"},"query-input":"required name=search_term_string"}],"inLanguage":"en-US"}]}},"_links":{"self":[{"href":"https:\/\/www.daxia.com.br\/es\/wp-json\/wp\/v2\/pages\/243"}],"collection":[{"href":"https:\/\/www.daxia.com.br\/es\/wp-json\/wp\/v2\/pages"}],"about":[{"href":"https:\/\/www.daxia.com.br\/es\/wp-json\/wp\/v2\/types\/page"}],"author":[{"embeddable":true,"href":"https:\/\/www.daxia.com.br\/es\/wp-json\/wp\/v2\/users\/1"}],"replies":[{"embeddable":true,"href":"https:\/\/www.daxia.com.br\/es\/wp-json\/wp\/v2\/comments?post=243"}],"version-history":[{"count":6,"href":"https:\/\/www.daxia.com.br\/es\/wp-json\/wp\/v2\/pages\/243\/revisions"}],"predecessor-version":[{"id":14301,"href":"https:\/\/www.daxia.com.br\/es\/wp-json\/wp\/v2\/pages\/243\/revisions\/14301"}],"wp:featuredmedia":[{"embeddable":true,"href":"https:\/\/www.daxia.com.br\/es\/wp-json\/wp\/v2\/media\/499"}],"wp:attachment":[{"href":"https:\/\/www.daxia.com.br\/es\/wp-json\/wp\/v2\/media?parent=243"}],"curies":[{"name":"wp","href":"https:\/\/api.w.org\/{rel}","templated":true}]}}